{"id":7028,"date":"2025-12-01T14:26:44","date_gmt":"2025-12-01T14:26:44","guid":{"rendered":"https:\/\/vsbtu.possodo.ch\/membres\/mueller-gleisbau-ag\/"},"modified":"2026-01-15T09:17:49","modified_gmt":"2026-01-15T09:17:49","slug":"mueller-gleisbau-ag","status":"publish","type":"page","link":"https:\/\/vsbtu.ch\/fr\/membres\/mueller-gleisbau-ag\/","title":{"rendered":"M\u00fcller Gleisbau AG"},"content":{"rendered":"\t\t<div data-elementor-type=\"wp-page\" data-elementor-id=\"7028\" class=\"elementor elementor-7028 elementor-5498\">\n\t\t\t\t<div class=\"elementor-element elementor-element-59e31af e-flex e-con-boxed e-con e-parent\" data-id=\"59e31af\" data-element_type=\"container\">\n\t\t\t\t\t<div class=\"e-con-inner\">\n\t\t<div class=\"elementor-element elementor-element-7b634cf e-con-full e-flex e-con e-child\" data-id=\"7b634cf\" data-element_type=\"container\">\n\t\t\t\t<div class=\"elementor-element elementor-element-6c937db elementor-widget elementor-widget-image\" data-id=\"6c937db\" data-element_type=\"widget\" data-widget_type=\"image.default\">\n\t\t\t\t\t\t\t\t\t\t\t\t\t\t\t\t<a href=\"https:\/\/www.mueller-frauenfeld.ch\/mueller-gleisbau-ag.html\" target=\"_blank\">\n\t\t\t\t\t\t\t<img decoding=\"async\" src=\"https:\/\/vsbtu.ch\/wp-content\/uploads\/2025\/12\/Mueller_Gleisbau_AG_cmyk_mit_Schutzraum_1000.png\" title=\"\" alt=\"\" loading=\"lazy\" \/>\t\t\t\t\t\t\t\t<\/a>\n\t\t\t\t\t\t\t\t\t\t\t\t\t\t\t<\/div>\n\t\t\t\t<\/div>\n\t\t<div class=\"elementor-element elementor-element-a17b891 e-con-full e-flex e-con e-child\" data-id=\"a17b891\" data-element_type=\"container\">\n\t\t\t\t<div class=\"elementor-element elementor-element-8715f1e elementor-widget elementor-widget-builda_team_member_info_custom\" data-id=\"8715f1e\" data-element_type=\"widget\" data-widget_type=\"builda_team_member_info_custom.default\">\n\t\t\t\t<div class=\"elementor-widget-container\">\n\t\t\t\t\t        <div class=\"about-page-box\">\n            <h2 class=\"mt-n3 fw-semibold mb-1\">M\u00fcller Gleisbau AG<\/h2>\n            <p class=\"box-text\"><\/p>\n        <\/div>\n\n                    <p class=\"mt-30 mb-30\">\n\nM\u00fcller Gleisbau AG est une entreprise familiale et l&#039;un des principaux fournisseurs de services de construction et d&#039;entretien des voies ferr\u00e9es et de s\u00e9curit\u00e9 sur les chantiers ferroviaires.\n<\/p>\n        \n                    <ul class=\"team-about-list\">\n                                    <li>\n                        <strong>T\u00e9l\u00e9phone : <\/strong>\n                                                    <a href=\"tel:+41418546060\" target=\"_blank\">\n                                +41 52 557 91 00                            <\/a>\n                                            <\/li>\n                                    <li>\n                        <strong>e-mail : <\/strong>\n                                                    <a href=\"mailto:%20info@mueller-frauenfeld.ch\" target=\"_blank\">\n                                info@mueller-frauenfeld.ch                            <\/a>\n                                            <\/li>\n                                    <li>\n                        <strong>Site web : <\/strong>\n                                                    <a href=\"https:\/\/www.mueller-frauenfeld.ch\/mueller-gleisbau-ag.html\" target=\"_blank\">\n                                www.mueller-frauenfeld.ch                            <\/a>\n                                            <\/li>\n                            <\/ul>\n        \n        \t\t\t\t<\/div>\n\t\t\t\t<\/div>\n\t\t\t\t<\/div>\n\t\t\t\t\t<\/div>\n\t\t\t\t<\/div>\n\t\t<div class=\"elementor-element elementor-element-413ab48 e-flex e-con-boxed e-con e-parent\" data-id=\"413ab48\" data-element_type=\"container\">\n\t\t\t\t\t<div class=\"e-con-inner\">\n\t\t<div class=\"elementor-element elementor-element-3f8cfe6 e-con-full e-flex e-con e-child\" data-id=\"3f8cfe6\" data-element_type=\"container\">\n\t\t\t\t<\/div>\n\t\t<div class=\"elementor-element elementor-element-bd0e98a e-con-full e-flex e-con e-child\" data-id=\"bd0e98a\" data-element_type=\"container\">\n\t\t\t\t<div class=\"elementor-element elementor-element-5d423b9 elementor-widget elementor-widget-text-editor\" data-id=\"5d423b9\" data-element_type=\"widget\" data-widget_type=\"text-editor.default\">\n\t\t\t\t\t\t\t\t\t<h4 style=\"font-family: Arial, Helvetica, sans-serif; color: #000000;\">Prestations<\/h4><div><div><span style=\"font-weight: bold;\">Construction de voies<\/span><\/div><div><ul style=\"margin-bottom: 1rem;\"><li data-start=\"755\" data-end=\"821\">Maintenance<\/li><li data-start=\"755\" data-end=\"821\">Renouvellement<\/li><li data-start=\"755\" data-end=\"821\">Rapports de contr\u00f4le\/d&#8217;\u00e9tat, expertises<\/li><\/ul><div><div><span style=\"font-weight: bold;\">Travaux de g\u00e9nie civil ferroviaire<\/span><\/div><div><ul><li data-start=\"755\" data-end=\"821\">Drainage des voies<\/li><li data-start=\"755\" data-end=\"821\">S\u00e9curisation des banquettes<\/li><li data-start=\"755\" data-end=\"821\">Canalisations de c\u00e2bles et tirage de c\u00e2bles<\/li><li data-start=\"755\" data-end=\"821\">Fondations de courant de traction et SA<\/li><li data-start=\"755\" data-end=\"821\">Construction de canalisations sans tranch\u00e9e<\/li><\/ul><div><div><span style=\"font-weight: bold;\">Entretien des espaces verts et for\u00eats<\/span><\/div><div><ul><li data-start=\"755\" data-end=\"821\">Contr\u00f4le de la v\u00e9g\u00e9tation<\/li><li data-start=\"755\" data-end=\"821\">Lutte contre les n\u00e9ophytes<\/li><li data-start=\"755\" data-end=\"821\">\u00c9limination des mauvaises herbes sans produits chimiques<\/li><li data-start=\"755\" data-end=\"821\">Travaux forestiers<\/li><\/ul><div><div><span style=\"font-weight: bold;\">S\u00e9curit\u00e9 ferroviaire<\/span><\/div><div><ul><li data-start=\"755\" data-end=\"821\">Agent de s\u00e9curit\u00e9<\/li><li data-start=\"755\" data-end=\"821\">Chef de la s\u00e9curit\u00e9<\/li><li data-start=\"755\" data-end=\"821\">Syst\u00e8mes d&#8217;alerte<\/li><\/ul><div><div><span style=\"font-weight: bold;\">Logistique ferroviaire<\/span><\/div><div><span style=\"font-weight: bold;\"> <\/span><\/div><div><div><span style=\"font-weight: bold;\">Prestations EG\/ET<\/span> <\/div><\/div><\/div><\/div><\/div><\/div><\/div><\/div><\/div><\/div><\/div>\t\t\t\t\t\t\t\t<\/div>\n\t\t\t\t<\/div>\n\t\t\t\t\t<\/div>\n\t\t\t\t<\/div>\n\t\t\t\t<\/div>\n\t\t","protected":false},"excerpt":{"rendered":"<p>M\u00fcller Gleisbau AG M\u00fcller Gleisbau AG est une entreprise familiale et l&#039;un des principaux fournisseurs de services de construction et d&#039;entretien des voies ferr\u00e9es et de s\u00e9curit\u00e9 sur les chantiers ferroviaires. T\u00e9l\u00e9phone : +41 52 557 91 00 e-mail : info@mueller-frauenfeld.ch Site web : www.mueller-frauenfeld.ch Prestations Construction de voies Maintenance Renouvellement Rapports de contr\u00f4le\/d&#8217;\u00e9tat, expertises&#8230;<\/p>\n","protected":false},"author":2,"featured_media":7027,"parent":6940,"menu_order":14,"comment_status":"closed","ping_status":"closed","template":"template-builder.php","meta":{"footnotes":""},"class_list":["post-7028","page","type-page","status-publish","has-post-thumbnail","hentry"],"_links":{"self":[{"href":"https:\/\/vsbtu.ch\/fr\/wp-json\/wp\/v2\/pages\/7028","targetHints":{"allow":["GET"]}}],"collection":[{"href":"https:\/\/vsbtu.ch\/fr\/wp-json\/wp\/v2\/pages"}],"about":[{"href":"https:\/\/vsbtu.ch\/fr\/wp-json\/wp\/v2\/types\/page"}],"author":[{"embeddable":true,"href":"https:\/\/vsbtu.ch\/fr\/wp-json\/wp\/v2\/users\/2"}],"replies":[{"embeddable":true,"href":"https:\/\/vsbtu.ch\/fr\/wp-json\/wp\/v2\/comments?post=7028"}],"version-history":[{"count":4,"href":"https:\/\/vsbtu.ch\/fr\/wp-json\/wp\/v2\/pages\/7028\/revisions"}],"predecessor-version":[{"id":7167,"href":"https:\/\/vsbtu.ch\/fr\/wp-json\/wp\/v2\/pages\/7028\/revisions\/7167"}],"up":[{"embeddable":true,"href":"https:\/\/vsbtu.ch\/fr\/wp-json\/wp\/v2\/pages\/6940"}],"wp:featuredmedia":[{"embeddable":true,"href":"https:\/\/vsbtu.ch\/fr\/wp-json\/wp\/v2\/media\/7027"}],"wp:attachment":[{"href":"https:\/\/vsbtu.ch\/fr\/wp-json\/wp\/v2\/media?parent=7028"}],"curies":[{"name":"wp","href":"https:\/\/api.w.org\/{rel}","templated":true}]}}