{"id":7098,"date":"2025-12-02T21:19:53","date_gmt":"2025-12-02T21:19:53","guid":{"rendered":"https:\/\/vsbtu.possodo.ch\/a-propos-de-nous\/conseil-dadministration\/"},"modified":"2026-01-14T23:41:54","modified_gmt":"2026-01-14T23:41:54","slug":"conseil-dadministration","status":"publish","type":"page","link":"https:\/\/vsbtu.ch\/fr\/a-propos-de-nous\/conseil-dadministration\/","title":{"rendered":"Conseil d&#8217;administration"},"content":{"rendered":"\t\t<div data-elementor-type=\"wp-page\" data-elementor-id=\"7098\" class=\"elementor elementor-7098 elementor-6139\">\n\t\t\t\t<div class=\"elementor-element elementor-element-668e59c e-con-full e-flex e-con e-parent\" data-id=\"668e59c\" data-element_type=\"container\" data-settings=\"{&quot;background_background&quot;:&quot;classic&quot;}\">\n\t\t<div class=\"elementor-element elementor-element-c439785 e-flex e-con-boxed e-con e-child\" data-id=\"c439785\" data-element_type=\"container\" data-settings=\"{&quot;background_background&quot;:&quot;classic&quot;}\">\n\t\t\t\t\t<div class=\"e-con-inner\">\n\t\t<div class=\"elementor-element elementor-element-19872b7 e-con-full e-flex e-con e-child\" data-id=\"19872b7\" data-element_type=\"container\">\n\t\t\t\t<div class=\"elementor-element elementor-element-5a63810 elementor-widget elementor-widget-realarsectiontitle\" data-id=\"5a63810\" data-element_type=\"widget\" data-widget_type=\"realarsectiontitle.default\">\n\t\t\t\t<div class=\"elementor-widget-container\">\n\t\t\t\t\t\t\t<div class=\"title-area text-left \">\r\n\t\t\t<h2 class=\"sec-title \">Conseil<\/h2><p class=\"sec-text\">Le conseil d'administration g\u00e8re l'association conform\u00e9ment aux statuts et aux dispositions applicables du Code civil suisse.<br \/>\n\nNos membres peuvent compter sur une direction fiable et efficace.<br \/>\n\nUne gestion associative efficace et bien organis\u00e9e est essentielle \u00e0 cet \u00e9gard.<br \/>\n\nNotre conseil d'administration r\u00e9unit des repr\u00e9sentants de tous les secteurs de notre industrie, notamment\u00a0:\n<br \/>\n- Construction manuelle et m\u00e9canis\u00e9e de superstructures de voies ferr\u00e9es\n<br \/>\n- Construction de fondations de voies ferr\u00e9es\n<br \/>\n- Techniques de soudage\n<br \/>\n- Installations \u00e9lectriques \/ construction de lignes a\u00e9riennes\n<br \/>\n- Traitement des rails<\/p>\t\t<\/div>\r\n\r\n\t\t\t\t\t<\/div>\n\t\t\t\t<\/div>\n\t\t\t\t<\/div>\n\t\t\t\t\t<\/div>\n\t\t\t\t<\/div>\n\t\t<div class=\"elementor-element elementor-element-9913a85 e-flex e-con-boxed e-con e-child\" data-id=\"9913a85\" data-element_type=\"container\" data-settings=\"{&quot;background_background&quot;:&quot;classic&quot;}\">\n\t\t\t\t\t<div class=\"e-con-inner\">\n\t\t<div class=\"elementor-element elementor-element-ce7cdcb e-con-full e-flex e-con e-child\" data-id=\"ce7cdcb\" data-element_type=\"container\">\n\t\t\t\t<div class=\"elementor-element elementor-element-6cab9ee elementor-widget elementor-widget-realartestimonialslider_custom\" data-id=\"6cab9ee\" data-element_type=\"widget\" data-settings=\"{&quot;_animation&quot;:&quot;none&quot;}\" data-widget_type=\"realartestimonialslider_custom.default\">\n\t\t\t\t<div class=\"elementor-widget-container\">\n\t\t\t\t\t<div class=\"slider-area team-slider2\"><div class=\"row gy-30\"><!-- Single Item --><div class=\"col-md-3 col-4\"><div class=\"th-team team-card style2 border\"><div class=\"img-wrap img-wrap-board\"><div class=\"team-img\"><img decoding=\"async\" src=\"https:\/\/vsbtu.ch\/wp-content\/uploads\/2025\/11\/Marco-Maurer-e1764711947616.jpg\" alt=\"Marco Maurer e1764711947616\"  \/><\/div><\/div><div class=\"team-card-content\"><div class=\"media-left\"><p class=\"pb-0 mb-0\" style=\"font-weight:bold\">Marco Maurer<\/p><p class=\"pb-0 mb-0\">Pr\u00e9sident<\/p><\/div><\/div><\/div><\/div><!-- Single Item --><div class=\"col-md-3 col-4\"><div class=\"th-team team-card style2 border\"><div class=\"img-wrap img-wrap-board\"><div class=\"team-img\"><img decoding=\"async\" src=\"https:\/\/vsbtu.ch\/wp-content\/uploads\/2025\/11\/Christian-Schnyder-e1764712036851.jpg\" alt=\"Christian Schnyder e1764712036851\"  \/><\/div><\/div><div class=\"team-card-content\"><div class=\"media-left\"><p class=\"pb-0 mb-0\" style=\"font-weight:bold\">Christian Schnyder\n<\/p><p class=\"pb-0 mb-0\">Vice-pr\u00e9sident<\/p><\/div><\/div><\/div><\/div><!-- Single Item --><div class=\"col-md-3 col-4\"><div class=\"th-team team-card style2 border\"><div class=\"img-wrap img-wrap-board\"><div class=\"team-img\"><img decoding=\"async\" src=\"https:\/\/vsbtu.ch\/wp-content\/uploads\/2025\/11\/Rico-Furrer.png\" alt=\"Rico Furrer\"  \/><\/div><\/div><div class=\"team-card-content\"><div class=\"media-left\"><p class=\"pb-0 mb-0\" style=\"font-weight:bold\">Rico Furrer<\/p><p class=\"pb-0 mb-0\">Directeur financier<\/p><\/div><\/div><\/div><\/div><!-- Single Item --><div class=\"col-md-3 col-4\"><div class=\"th-team team-card style2 border\"><div class=\"img-wrap img-wrap-board\"><div class=\"team-img\"><img decoding=\"async\" src=\"https:\/\/vsbtu.ch\/wp-content\/uploads\/2025\/11\/Rodrigue-de-Pourtales.jpg\" alt=\"Rodrigue de Pourtales\"  \/><\/div><\/div><div class=\"team-card-content\"><div class=\"media-left\"><p class=\"pb-0 mb-0\" style=\"font-weight:bold\">Rordigue de Pourtal\u00e8s<\/p><p class=\"pb-0 mb-0\">Directeur<\/p><\/div><\/div><\/div><\/div><!-- Single Item --><div class=\"col-md-3 col-4\"><div class=\"th-team team-card style2 border\"><div class=\"img-wrap img-wrap-board\"><div class=\"team-img\"><img decoding=\"async\" src=\"https:\/\/vsbtu.ch\/wp-content\/uploads\/2025\/11\/Vanoli-Marco.jpg\" alt=\"Vanoli Marco\"  \/><\/div><\/div><div class=\"team-card-content\"><div class=\"media-left\"><p class=\"pb-0 mb-0\" style=\"font-weight:bold\">Marco Vanoli<\/p><p class=\"pb-0 mb-0\">Directeur<\/p><\/div><\/div><\/div><\/div><!-- Single Item --><div class=\"col-md-3 col-4\"><div class=\"th-team team-card style2 border\"><div class=\"img-wrap img-wrap-board\"><div class=\"team-img\"><img decoding=\"async\" src=\"https:\/\/vsbtu.ch\/wp-content\/uploads\/2025\/11\/Pierre_Progin.jpg\" alt=\"Pierre_Progin\"  \/><\/div><\/div><div class=\"team-card-content\"><div class=\"media-left\"><p class=\"pb-0 mb-0\" style=\"font-weight:bold\">Pierre Progin<\/p><p class=\"pb-0 mb-0\">Directeur<\/p><\/div><\/div><\/div><\/div><!-- Single Item --><div class=\"col-md-3 col-4\"><div class=\"th-team team-card style2 border\"><div class=\"img-wrap img-wrap-board\"><div class=\"team-img\"><img decoding=\"async\" src=\"https:\/\/vsbtu.ch\/wp-content\/uploads\/2025\/11\/Stefan-Mueller.png\" alt=\"Stefan Mueller\"  \/><\/div><\/div><div class=\"team-card-content\"><div class=\"media-left\"><p class=\"pb-0 mb-0\" style=\"font-weight:bold\">Stefan M\u00fcller<\/p><p class=\"pb-0 mb-0\">Directeur<\/p><\/div><\/div><\/div><\/div><!-- Single Item --><div class=\"col-md-3 col-4\"><div class=\"th-team team-card style2 border\"><div class=\"img-wrap img-wrap-board\"><div class=\"team-img\"><img decoding=\"async\" src=\"https:\/\/vsbtu.ch\/wp-content\/uploads\/2025\/11\/Lukic_Dejan.jpg\" alt=\"Lukic_Dejan\"  \/><\/div><\/div><div class=\"team-card-content\"><div class=\"media-left\"><p class=\"pb-0 mb-0\" style=\"font-weight:bold\">Dejan Lukic<\/p><p class=\"pb-0 mb-0\">D\u00e9l\u00e9guer<\/p><\/div><\/div><\/div><\/div><\/div><\/div><\/div>\t\t\t\t<\/div>\n\t\t\t\t<\/div>\n\t\t\t\t<\/div>\n\t\t\t\t\t<\/div>\n\t\t\t\t<\/div>\n\t\t\t\t<\/div>\n\t\t\t\t<\/div>\n\t\t","protected":false},"excerpt":{"rendered":"<p>Conseil Le conseil d&#8217;administration g\u00e8re l&#8217;association conform\u00e9ment aux statuts et aux dispositions applicables du Code civil suisse. Nos membres peuvent compter sur une direction fiable et efficace. Une gestion associative efficace et bien organis\u00e9e est essentielle \u00e0 cet \u00e9gard. Notre conseil d&#8217;administration r\u00e9unit des repr\u00e9sentants de tous les secteurs de notre industrie, notamment\u00a0: &#8211; Construction&#8230;<\/p>\n","protected":false},"author":1,"featured_media":0,"parent":7080,"menu_order":0,"comment_status":"closed","ping_status":"closed","template":"template-builder.php","meta":{"footnotes":""},"class_list":["post-7098","page","type-page","status-publish","hentry"],"_links":{"self":[{"href":"https:\/\/vsbtu.ch\/fr\/wp-json\/wp\/v2\/pages\/7098","targetHints":{"allow":["GET"]}}],"collection":[{"href":"https:\/\/vsbtu.ch\/fr\/wp-json\/wp\/v2\/pages"}],"about":[{"href":"https:\/\/vsbtu.ch\/fr\/wp-json\/wp\/v2\/types\/page"}],"author":[{"embeddable":true,"href":"https:\/\/vsbtu.ch\/fr\/wp-json\/wp\/v2\/users\/1"}],"replies":[{"embeddable":true,"href":"https:\/\/vsbtu.ch\/fr\/wp-json\/wp\/v2\/comments?post=7098"}],"version-history":[{"count":4,"href":"https:\/\/vsbtu.ch\/fr\/wp-json\/wp\/v2\/pages\/7098\/revisions"}],"predecessor-version":[{"id":7119,"href":"https:\/\/vsbtu.ch\/fr\/wp-json\/wp\/v2\/pages\/7098\/revisions\/7119"}],"up":[{"embeddable":true,"href":"https:\/\/vsbtu.ch\/fr\/wp-json\/wp\/v2\/pages\/7080"}],"wp:attachment":[{"href":"https:\/\/vsbtu.ch\/fr\/wp-json\/wp\/v2\/media?parent=7098"}],"curies":[{"name":"wp","href":"https:\/\/api.w.org\/{rel}","templated":true}]}}